{"id":1070,"date":"2018-08-23T00:12:55","date_gmt":"2018-08-22T22:12:55","guid":{"rendered":"http:\/\/www.angelo-santo-venerito.com\/wordpress\/?page_id=1070"},"modified":"2020-12-14T19:24:48","modified_gmt":"2020-12-14T18:24:48","slug":"die-vampyrlady-sah-nicht-immer-so-scheisse-aus","status":"publish","type":"page","link":"http:\/\/www.angelo-santo-venerito.com\/wordpress\/die-vampyrlady-sah-nicht-immer-so-scheisse-aus\/","title":{"rendered":"die Vampyrlady sah nicht immer so schei\u00dfe aus&#8230;"},"content":{"rendered":"<p>\u00a0<\/p>\n<p>Ein Roman &#8211; Teil 1<\/p>\n<hr \/>\n<p>studio venerito 25. M\u00e4rz bis 01. Mai 2017<\/p>\n<p>\u00a0<\/p>\n<p><strong>Gibt es ein Leben nach dem Tod?<\/strong><\/p>\n<p>Das ist so eine der Fragen, mit denen sich bei Gelegenheit auch mal die braven B\u00fcrger der Pf\u00e4lzer Gemeinde Bobbethal\/Bobbe auseinander setzen sollten. Denn erst k\u00fcrzlich ist die Vampyrlady Tamara Yagelowsk den unterirdischen Verliesen der Madenburg entstiegen. und trachtet nach dem Leben der unbescholtenen B\u00fcrger.<\/p>\n<p>Was den Frank Schneider angeht, seines Zeichens Faktotum des B\u00fcrgermeisters von Bobbethal, so hat er diesbez\u00fcgliche Erfahrungen gemacht, und ist auch bereit, sie an Wissensdurstige weiterzureichen. Er ist n\u00e4mlich im Suff auf, zugegeben mysteri\u00f6se Weise, zu Tode gekommen, und fand sich keinen Tag sp\u00e4ter als Lustknabe im &#8211; je nach Standpunkt leider oder zum Gl\u00fcck &#8211; immateriellen Schlafgemach der Vampyrdame Tamara Yagelowsk wieder. Er pers\u00f6nlich h\u00e4tte nichts dagegen gehabt, die n\u00e4chsten 1000 Jahre seinen immateriellen Leib der Lust zu weihen, h\u00e4tte nicht im letzten Moment THE ROCK mit einem m\u00e4chtigen Schlag seines Hammers sein goldenes Gef\u00e4ngnis zertr\u00fcmmert und ihn befreit. Und nun gibt es ihn zweifach. Einmal als Frank Schneider in voller K\u00f6rpergr\u00f6\u00dfe (183 cm) und ein zweites Mal als Leiche in der Pathologie der S\u00fcdpfalzklinik.<\/p>\n<p>Allerdings wurde bei dieser Aktion THE ROCK aus seinem Zwischenreich heraus in den Pf\u00e4lzer Wald geschleudert. Und das hatte zur Folge, dass sich das Zwischenreich von THE ROCK, bis dahin ein Paradies mit gr\u00fcnen W\u00e4ldern und Wasserf\u00e4llen an genau den richtigen Stellen, in eine fruchtlose W\u00fcstenei verwandelt, die genau so aussieht wie die W\u00fcste in Arizona, wo Recht und Gesetz enden.<\/p>\n<p>THE ROCK ist der Gelackmeierte, das steht schon mal fest. Und wie steht es mit Frank Schneider?<\/p>\n<p>\u00a0<\/p>\n<p>(View of installation at Studio Venerito, Berlin,\u00a0photo: Jan-Peter E.R. Sonntag)<\/p>\n\n\n<figure class=\"wp-block-image size-large\"><img decoding=\"async\" src=\"http:\/\/www.angelo-santo-venerito.com\/wordpress\/wp-content\/uploads\/vampirLady_DSC4901-1024x576.jpg\" alt=\"\" class=\"wp-image-702\"\/><figcaption>View of installation at Studio Venerito, Berlin, photo: Theo Lustig<\/figcaption><\/figure>\n","protected":false},"excerpt":{"rendered":"<p>\u00a0 Ein Roman &#8211; Teil 1 studio venerito 25. M\u00e4rz bis 01. Mai 2017 \u00a0 Gibt es ein Leben nach dem Tod? Das ist so eine der Fragen, mit denen sich bei Gelegenheit auch mal die braven B\u00fcrger der Pf\u00e4lzer Gemeinde Bobbethal\/Bobbe auseinander setzen sollten. Denn erst k\u00fcrzlich ist die Vampyrlady Tamara Yagelowsk den unterirdischen &hellip; <\/p>\n<p class=\"link-more\"><a href=\"http:\/\/www.angelo-santo-venerito.com\/wordpress\/die-vampyrlady-sah-nicht-immer-so-scheisse-aus\/\" class=\"more-link\"><span class=\"screen-reader-text\">\u201edie Vampyrlady sah nicht immer so schei\u00dfe aus&#8230;\u201c <\/span>weiterlesen<\/a><\/p>\n","protected":false},"author":1,"featured_media":1074,"parent":0,"menu_order":0,"comment_status":"closed","ping_status":"closed","template":"","meta":{"footnotes":""},"_links":{"self":[{"href":"http:\/\/www.angelo-santo-venerito.com\/wordpress\/wp-json\/wp\/v2\/pages\/1070"}],"collection":[{"href":"http:\/\/www.angelo-santo-venerito.com\/wordpress\/wp-json\/wp\/v2\/pages"}],"about":[{"href":"http:\/\/www.angelo-santo-venerito.com\/wordpress\/wp-json\/wp\/v2\/types\/page"}],"author":[{"embeddable":true,"href":"http:\/\/www.angelo-santo-venerito.com\/wordpress\/wp-json\/wp\/v2\/users\/1"}],"replies":[{"embeddable":true,"href":"http:\/\/www.angelo-santo-venerito.com\/wordpress\/wp-json\/wp\/v2\/comments?post=1070"}],"version-history":[{"count":5,"href":"http:\/\/www.angelo-santo-venerito.com\/wordpress\/wp-json\/wp\/v2\/pages\/1070\/revisions"}],"predecessor-version":[{"id":1572,"href":"http:\/\/www.angelo-santo-venerito.com\/wordpress\/wp-json\/wp\/v2\/pages\/1070\/revisions\/1572"}],"wp:featuredmedia":[{"embeddable":true,"href":"http:\/\/www.angelo-santo-venerito.com\/wordpress\/wp-json\/wp\/v2\/media\/1074"}],"wp:attachment":[{"href":"http:\/\/www.angelo-santo-venerito.com\/wordpress\/wp-json\/wp\/v2\/media?parent=1070"}],"curies":[{"name":"wp","href":"https:\/\/api.w.org\/{rel}","templated":true}]}}