{"id":1281,"date":"2019-03-27T21:43:19","date_gmt":"2019-03-27T20:43:19","guid":{"rendered":"http:\/\/www.angelo-santo-venerito.com\/wordpress\/?page_id=1281"},"modified":"2023-09-28T12:41:10","modified_gmt":"2023-09-28T10:41:10","slug":"marrakech-mannequins","status":"publish","type":"page","link":"http:\/\/www.angelo-santo-venerito.com\/wordpress\/marrakech-mannequins\/","title":{"rendered":"Marrakech Mannequins"},"content":{"rendered":"\n<h4 class=\"wp-block-heading\"><strong>Fotografien von Theo Lustig<\/strong><\/h4>\n\n\n\n<p>&#8212;&#8212;&#8212;&#8212;&#8212;&#8212;&#8212;&#8212;&#8212;&#8212;&#8212;&#8212;&#8212;&#8212;&#8212;&#8212;&#8212;&#8212;&#8212;&#8212;                               <\/p>\n\n\n\n<p class=\"has-medium-font-size\"><strong><em>BLICKKONTAKTE&nbsp;&nbsp;&nbsp;&nbsp;&nbsp;&nbsp;&nbsp;&nbsp; &nbsp;&nbsp;&nbsp;&nbsp;&nbsp;&nbsp;&nbsp;&nbsp; <\/em><\/strong><\/p>\n\n\n\n<p><strong>Marrakech, November 2018<\/strong>. Beim Fotografieren in den\nStra\u00dfen der Orientmetropole sp\u00fcre ich die ablehnenden Reaktionen&nbsp; der Frauen, um sich vor meinen\nm\u00e4nnlichen Blicken zu sch\u00fctzen. Doch andere Augen in unverschleierten\nGesichtern von ikonenhafter Sch\u00f6nheit erwidern sie vorbehaltlos, schauen voller\nAnmut und W\u00fcrde ins Objektiv meiner Kamera, bis die Einstellung \u201esitzt\u201c. Es\nsind die Schaufensterpuppen in den L\u00e4den der Souks und Gesch\u00e4ften der Stra\u00dfen.\nMal in traditioneller Kleidung, mal in moderner, sind sie in Beidem\nStifterinnen kultureller Identit\u00e4ten, die in diesem Land diverser kaum sein\nk\u00f6nnten, doch gleichsam Stolz und Anmut zum Ausdruck bringen. Hineingemalt in\nihre Gesichter erweckt dieser Ausdruck ihre K\u00fcnstlichkeit zum Leben. \u201eAvec\nplaisir!\u201c erwidern einstimmig ihre Besitzer, die Inhaber der L\u00e4den, wenn ich um\nErlaubnis zum Fotografieren bitte. \u201eMit Vergn\u00fcgen\u201c darf ich sie ablichten, als\nob es \u201enur\u201c Puppen w\u00e4ren \u2026<\/p>\n\n\n\n<p>Auf diese Weise\nist eine Reihe von Fotografien entstanden, die mit kurzen Sch\u00e4rfenebenen\nbewusst Spielraum f\u00fcr Interpretationen zulassen und damit den Puppen nahezu\nmenschlichen Charakter verleihen.<\/p>\n\n\n\n<p>(Birgit Anna Schumacher)<\/p>\n\n\n\n<figure class=\"wp-block-gallery has-nested-images columns-default is-cropped wp-block-gallery-1 is-layout-flex wp-block-gallery-is-layout-flex\">\n<figure class=\"wp-block-image size-large\"><a href=\"http:\/\/www.angelo-santo-venerito.com\/wordpress\/wp-content\/uploads\/IMG_1895web.jpg\"><img decoding=\"async\" loading=\"lazy\" width=\"505\" height=\"758\" data-id=\"1387\" src=\"http:\/\/www.angelo-santo-venerito.com\/wordpress\/wp-content\/uploads\/IMG_1895web.jpg\" alt=\"\" class=\"wp-image-1387\" srcset=\"http:\/\/www.angelo-santo-venerito.com\/wordpress\/wp-content\/uploads\/IMG_1895web.jpg 505w, http:\/\/www.angelo-santo-venerito.com\/wordpress\/wp-content\/uploads\/IMG_1895web-100x150.jpg 100w, http:\/\/www.angelo-santo-venerito.com\/wordpress\/wp-content\/uploads\/IMG_1895web-200x300.jpg 200w\" sizes=\"(max-width: 505px) 100vw, 505px\" \/><\/a><\/figure>\n\n\n\n<figure class=\"wp-block-image size-large\"><a href=\"http:\/\/www.angelo-santo-venerito.com\/wordpress\/wp-content\/uploads\/IMG_1954c.jpg\"><img decoding=\"async\" loading=\"lazy\" width=\"758\" height=\"624\" data-id=\"1388\" src=\"http:\/\/www.angelo-santo-venerito.com\/wordpress\/wp-content\/uploads\/IMG_1954c.jpg\" alt=\"\" class=\"wp-image-1388\" srcset=\"http:\/\/www.angelo-santo-venerito.com\/wordpress\/wp-content\/uploads\/IMG_1954c.jpg 758w, http:\/\/www.angelo-santo-venerito.com\/wordpress\/wp-content\/uploads\/IMG_1954c-150x123.jpg 150w, http:\/\/www.angelo-santo-venerito.com\/wordpress\/wp-content\/uploads\/IMG_1954c-300x247.jpg 300w\" sizes=\"(max-width: 706px) 89vw, (max-width: 767px) 82vw, 740px\" \/><\/a><\/figure>\n\n\n\n<figure class=\"wp-block-image size-large\"><a href=\"http:\/\/www.angelo-santo-venerito.com\/wordpress\/wp-content\/uploads\/IMG_1959.jpg\"><img decoding=\"async\" loading=\"lazy\" width=\"505\" height=\"758\" data-id=\"1389\" src=\"http:\/\/www.angelo-santo-venerito.com\/wordpress\/wp-content\/uploads\/IMG_1959.jpg\" alt=\"\" class=\"wp-image-1389\" srcset=\"http:\/\/www.angelo-santo-venerito.com\/wordpress\/wp-content\/uploads\/IMG_1959.jpg 505w, http:\/\/www.angelo-santo-venerito.com\/wordpress\/wp-content\/uploads\/IMG_1959-100x150.jpg 100w, http:\/\/www.angelo-santo-venerito.com\/wordpress\/wp-content\/uploads\/IMG_1959-200x300.jpg 200w\" sizes=\"(max-width: 505px) 100vw, 505px\" \/><\/a><\/figure>\n\n\n\n<figure class=\"wp-block-image size-large\"><a href=\"http:\/\/www.angelo-santo-venerito.com\/wordpress\/wp-content\/uploads\/IMG_1961web.jpg\"><img decoding=\"async\" loading=\"lazy\" width=\"506\" height=\"758\" data-id=\"1390\" src=\"http:\/\/www.angelo-santo-venerito.com\/wordpress\/wp-content\/uploads\/IMG_1961web.jpg\" alt=\"\" class=\"wp-image-1390\" srcset=\"http:\/\/www.angelo-santo-venerito.com\/wordpress\/wp-content\/uploads\/IMG_1961web.jpg 506w, http:\/\/www.angelo-santo-venerito.com\/wordpress\/wp-content\/uploads\/IMG_1961web-100x150.jpg 100w, http:\/\/www.angelo-santo-venerito.com\/wordpress\/wp-content\/uploads\/IMG_1961web-200x300.jpg 200w\" sizes=\"(max-width: 506px) 100vw, 506px\" \/><\/a><\/figure>\n\n\n\n<figure class=\"wp-block-image size-large\"><a href=\"http:\/\/www.angelo-santo-venerito.com\/wordpress\/wp-content\/uploads\/IMG_1879web.jpg\"><img decoding=\"async\" loading=\"lazy\" width=\"505\" height=\"758\" data-id=\"1386\" src=\"http:\/\/www.angelo-santo-venerito.com\/wordpress\/wp-content\/uploads\/IMG_1879web.jpg\" alt=\"\" class=\"wp-image-1386\" srcset=\"http:\/\/www.angelo-santo-venerito.com\/wordpress\/wp-content\/uploads\/IMG_1879web.jpg 505w, http:\/\/www.angelo-santo-venerito.com\/wordpress\/wp-content\/uploads\/IMG_1879web-100x150.jpg 100w, http:\/\/www.angelo-santo-venerito.com\/wordpress\/wp-content\/uploads\/IMG_1879web-200x300.jpg 200w\" sizes=\"(max-width: 505px) 100vw, 505px\" \/><\/a><\/figure>\n\n\n\n<figure class=\"wp-block-image size-large\"><a href=\"http:\/\/www.angelo-santo-venerito.com\/wordpress\/wp-content\/uploads\/IMG_1862crop.jpg\"><img decoding=\"async\" loading=\"lazy\" width=\"582\" height=\"758\" data-id=\"1385\" src=\"http:\/\/www.angelo-santo-venerito.com\/wordpress\/wp-content\/uploads\/IMG_1862crop.jpg\" alt=\"\" class=\"wp-image-1385\" srcset=\"http:\/\/www.angelo-santo-venerito.com\/wordpress\/wp-content\/uploads\/IMG_1862crop.jpg 582w, http:\/\/www.angelo-santo-venerito.com\/wordpress\/wp-content\/uploads\/IMG_1862crop-115x150.jpg 115w, http:\/\/www.angelo-santo-venerito.com\/wordpress\/wp-content\/uploads\/IMG_1862crop-230x300.jpg 230w\" sizes=\"(max-width: 582px) 100vw, 582px\" \/><\/a><\/figure>\n<\/figure>\n\n\n\n<p>         <\/p>\n\n\n\n<p class=\"has-medium-font-size\"><strong><em>VISUAL CONTACTS<\/em><\/strong><\/p>\n\n\n\n<p><strong>Marrakesh, November 2018<\/strong>. When taking photographs\nin Marrakesh, I sense the reluctance of women who wish to avoid the gaze of\nmen\u2019s eyes. However, other eyes in unshrouded faces of iconic beauty return my\ngaze without reservations and stare into the lens full of grace and dignity\nuntil the scene and camera settings are just right. These faces belong to\ndisplay mannequins in souqs and other shops. Whether dressed in traditional\nattire or modern clothing, they create cultural identities that could hardly be\nmore diverse in this country, but nonetheless express pride and grace. It is\nthis expression, embedded on their faces, that brings their artificiality to\nlife. \u201cAvec plaisir!\u201d is always the response of their masters, the shop owners,\nwhen I ask for permission to take photographs. \u201cWith pleasure\u201d, as if the\nfigures were \u201conly\u201d mannequins \u2026<\/p>\n\n\n\n<p>The result was a series of photographs that deliberately allow room for interpretation with their shallow depth of field and, as a result, imbue the mannequins with almost human character.<\/p>\n\n\n\n<p>(Translation: Patrick Sheehan)<\/p>\n\n\n\n<p>                           <\/p>\n\n\n\n<figure class=\"wp-block-gallery has-nested-images columns-default is-cropped wp-block-gallery-3 is-layout-flex wp-block-gallery-is-layout-flex\">\n<figure class=\"wp-block-image size-large\"><a href=\"http:\/\/www.angelo-santo-venerito.com\/wordpress\/wp-content\/uploads\/IMG_2021web.jpg\"><img decoding=\"async\" loading=\"lazy\" width=\"505\" height=\"758\" data-id=\"1395\" src=\"http:\/\/www.angelo-santo-venerito.com\/wordpress\/wp-content\/uploads\/IMG_2021web.jpg\" alt=\"\" class=\"wp-image-1395\" srcset=\"http:\/\/www.angelo-santo-venerito.com\/wordpress\/wp-content\/uploads\/IMG_2021web.jpg 505w, http:\/\/www.angelo-santo-venerito.com\/wordpress\/wp-content\/uploads\/IMG_2021web-100x150.jpg 100w, http:\/\/www.angelo-santo-venerito.com\/wordpress\/wp-content\/uploads\/IMG_2021web-200x300.jpg 200w\" sizes=\"(max-width: 505px) 100vw, 505px\" \/><\/a><\/figure>\n\n\n\n<figure class=\"wp-block-image size-large\"><a href=\"http:\/\/www.angelo-santo-venerito.com\/wordpress\/wp-content\/uploads\/IMG_2016web.jpg\"><img decoding=\"async\" loading=\"lazy\" width=\"505\" height=\"758\" data-id=\"1394\" src=\"http:\/\/www.angelo-santo-venerito.com\/wordpress\/wp-content\/uploads\/IMG_2016web.jpg\" alt=\"\" class=\"wp-image-1394\" srcset=\"http:\/\/www.angelo-santo-venerito.com\/wordpress\/wp-content\/uploads\/IMG_2016web.jpg 505w, http:\/\/www.angelo-santo-venerito.com\/wordpress\/wp-content\/uploads\/IMG_2016web-100x150.jpg 100w, http:\/\/www.angelo-santo-venerito.com\/wordpress\/wp-content\/uploads\/IMG_2016web-200x300.jpg 200w\" sizes=\"(max-width: 505px) 100vw, 505px\" \/><\/a><\/figure>\n\n\n\n<figure class=\"wp-block-image size-large\"><a href=\"http:\/\/www.angelo-santo-venerito.com\/wordpress\/wp-content\/uploads\/IMG_2012web.jpg\"><img decoding=\"async\" loading=\"lazy\" width=\"505\" height=\"758\" data-id=\"1392\" src=\"http:\/\/www.angelo-santo-venerito.com\/wordpress\/wp-content\/uploads\/IMG_2012web.jpg\" alt=\"\" class=\"wp-image-1392\" srcset=\"http:\/\/www.angelo-santo-venerito.com\/wordpress\/wp-content\/uploads\/IMG_2012web.jpg 505w, http:\/\/www.angelo-santo-venerito.com\/wordpress\/wp-content\/uploads\/IMG_2012web-100x150.jpg 100w, http:\/\/www.angelo-santo-venerito.com\/wordpress\/wp-content\/uploads\/IMG_2012web-200x300.jpg 200w\" sizes=\"(max-width: 505px) 100vw, 505px\" \/><\/a><\/figure>\n\n\n\n<figure class=\"wp-block-image size-large\"><a href=\"http:\/\/www.angelo-santo-venerito.com\/wordpress\/wp-content\/uploads\/IMG_2013web.jpg\"><img decoding=\"async\" loading=\"lazy\" width=\"505\" height=\"758\" data-id=\"1393\" src=\"http:\/\/www.angelo-santo-venerito.com\/wordpress\/wp-content\/uploads\/IMG_2013web.jpg\" alt=\"\" class=\"wp-image-1393\" srcset=\"http:\/\/www.angelo-santo-venerito.com\/wordpress\/wp-content\/uploads\/IMG_2013web.jpg 505w, http:\/\/www.angelo-santo-venerito.com\/wordpress\/wp-content\/uploads\/IMG_2013web-100x150.jpg 100w, http:\/\/www.angelo-santo-venerito.com\/wordpress\/wp-content\/uploads\/IMG_2013web-200x300.jpg 200w\" sizes=\"(max-width: 505px) 100vw, 505px\" \/><\/a><\/figure>\n<\/figure>\n\n\n\n<p>                             <\/p>\n\n\n\n<p class=\"has-medium-font-size\"><strong><em>CONTACTS VISUELS<\/em><\/strong><\/p>\n\n\n\n<p><strong>Marrakech, novembre 2018<\/strong>. \u2013 En prenant des photos\ndans les rues de cette m\u00e9tropole orientale, je sens les attitudes de refus des\nfemmes, d\u00e9sireuses de se prot\u00e9ger de mon regard masculin. Or, sur des visages\nnon voil\u00e9s, d\u2019autres yeux d\u2019une beaut\u00e9 saisissante lui r\u00e9pondent sans r\u00e9serve.\nPlein de gr\u00e2ce et de dignit\u00e9, ces regards s\u2019offrent, le temps d\u2019un r\u00e9glage, \u00e0\nmon objectif photographique&nbsp;: ce sont les mannequins dans les magasins et\nsouks de la ville. Attif\u00e9es de mani\u00e8re tant\u00f4t traditionnelle, tant\u00f4t moderne,\nces poup\u00e9es sont cr\u00e9atrices d\u2019identit\u00e9s culturelles, qui ne sauraient \u00eatre plus\nvari\u00e9es dans ce pays. Inscrites sur leurs visages, les expressions de gr\u00e2ce et\nde dignit\u00e9 donnent vie \u00e0 l\u2019artifice. \u2013 \u00ab&nbsp;Avec plaisir&nbsp;!&nbsp;\u00bb r\u00e9pondent\nleurs propri\u00e9taires, les g\u00e9rants des boutiques, lorsque je leur demande la\npermission de les photographier. Et c\u2019est avec plaisir que je fais ces prises\nde vue comme s\u2019il s\u2019agissait de \u00ab&nbsp;simples&nbsp;\u00bb mannequins\u2026 \u2013 Ainsi, j\u2019ai\npu cr\u00e9er une s\u00e9rie de photographies volontairement r\u00e9gl\u00e9es \u00e0 des niveaux brefs\nde mise au point pour laisser de la place aux interpr\u00e9tations et mettre en\nlumi\u00e8re l\u2019aspect presque humain des mannequins de Marrakech.<\/p>\n\n\n\n<p>(Traduction: <a href=\"http:\/\/kaempfer.free.fr\/interact\/index.htm\">Stefan Kaempfer<\/a>)<\/p>\n\n\n\n<p>                     <\/p>\n\n\n\n<p><strong><a href=\"http:\/\/theolustig.de\/\">\ufeffAusstellungsdauer: 16.03. &#8211; 27.04.201<\/a>9<\/strong><\/p>\n\n\n\n<p><\/p>\n\n\n\n<p><\/p>\n","protected":false},"excerpt":{"rendered":"<p>Fotografien von Theo Lustig &#8212;&#8212;&#8212;&#8212;&#8212;&#8212;&#8212;&#8212;&#8212;&#8212;&#8212;&#8212;&#8212;&#8212;&#8212;&#8212;&#8212;&#8212;&#8212;&#8212; BLICKKONTAKTE&nbsp;&nbsp;&nbsp;&nbsp;&nbsp;&nbsp;&nbsp;&nbsp; &nbsp;&nbsp;&nbsp;&nbsp;&nbsp;&nbsp;&nbsp;&nbsp; Marrakech, November 2018. Beim Fotografieren in den Stra\u00dfen der Orientmetropole sp\u00fcre ich die ablehnenden Reaktionen&nbsp; der Frauen, um sich vor meinen m\u00e4nnlichen Blicken zu sch\u00fctzen. Doch andere Augen in unverschleierten Gesichtern von ikonenhafter Sch\u00f6nheit erwidern sie vorbehaltlos, schauen voller Anmut und W\u00fcrde ins Objektiv meiner Kamera, bis die &hellip; <\/p>\n<p class=\"link-more\"><a href=\"http:\/\/www.angelo-santo-venerito.com\/wordpress\/marrakech-mannequins\/\" class=\"more-link\"><span class=\"screen-reader-text\">\u201eMarrakech Mannequins\u201c <\/span>weiterlesen<\/a><\/p>\n","protected":false},"author":1,"featured_media":1282,"parent":0,"menu_order":0,"comment_status":"closed","ping_status":"closed","template":"","meta":{"footnotes":""},"_links":{"self":[{"href":"http:\/\/www.angelo-santo-venerito.com\/wordpress\/wp-json\/wp\/v2\/pages\/1281"}],"collection":[{"href":"http:\/\/www.angelo-santo-venerito.com\/wordpress\/wp-json\/wp\/v2\/pages"}],"about":[{"href":"http:\/\/www.angelo-santo-venerito.com\/wordpress\/wp-json\/wp\/v2\/types\/page"}],"author":[{"embeddable":true,"href":"http:\/\/www.angelo-santo-venerito.com\/wordpress\/wp-json\/wp\/v2\/users\/1"}],"replies":[{"embeddable":true,"href":"http:\/\/www.angelo-santo-venerito.com\/wordpress\/wp-json\/wp\/v2\/comments?post=1281"}],"version-history":[{"count":39,"href":"http:\/\/www.angelo-santo-venerito.com\/wordpress\/wp-json\/wp\/v2\/pages\/1281\/revisions"}],"predecessor-version":[{"id":1635,"href":"http:\/\/www.angelo-santo-venerito.com\/wordpress\/wp-json\/wp\/v2\/pages\/1281\/revisions\/1635"}],"wp:featuredmedia":[{"embeddable":true,"href":"http:\/\/www.angelo-santo-venerito.com\/wordpress\/wp-json\/wp\/v2\/media\/1282"}],"wp:attachment":[{"href":"http:\/\/www.angelo-santo-venerito.com\/wordpress\/wp-json\/wp\/v2\/media?parent=1281"}],"curies":[{"name":"wp","href":"https:\/\/api.w.org\/{rel}","templated":true}]}}