{"id":876,"date":"2018-08-09T11:00:42","date_gmt":"2018-08-09T09:00:42","guid":{"rendered":"http:\/\/www.angelo-santo-venerito.com\/wordpress\/?page_id=876"},"modified":"2018-08-28T17:50:21","modified_gmt":"2018-08-28T15:50:21","slug":"vom-ursprung-und-rapport","status":"publish","type":"page","link":"http:\/\/www.angelo-santo-venerito.com\/wordpress\/vom-ursprung-und-rapport\/","title":{"rendered":"Vom Ursprung und Rapport"},"content":{"rendered":"<hr \/>\n<p>Ich m\u00f6chte Sie zu einer kleinen Reise in die Welt meiner Bilder einladen, Ihnen von ihrer Entstehung und Geschichte erz\u00e4hlen- und vielleicht werden dann ihre Sinne, beispielsweise die Fassade ihres Hauses, anders wahrnehmen als bisher.<br \/>\nIrgendwann einmal begannen gew\u00f6hnliche Baustoffe in ihrer Urspr\u00fcnglichkeit eine unwiderstehliche Anziehungskraft auf mich auszu\u00fcben. Irgendwann lange zuvor war mein Zugang zur Erde unmittelbarer, als in meinem heutigen st\u00e4dtischen Dasein. Dieser Zugang ging jedoch nicht verloren. Vielmehr stellte ich fest, dass mein Blick zunehmend an den Strukturen dieser Erdabk\u00f6mmlinge haften blieb. Sie wurden f\u00fcr mich zu Sprachen, und weckten die Experimentierfreude eines Kindes.<!--more--><br \/>\nUnd je mehr ich mich von diesen scheinbar unscheinbaren Substanzen (denn was hat es denn mit so lebloser Materie wie Putz, Zement oder Graphit schon auf sich?), die uns lautlos und dennoch bestimmt umgeben, verf\u00fchren lies, desto gr\u00f6\u00dfer wurde die Faszination, die von mir Beschlag nahm.<br \/>\nDer Drang diesen Stoff bis ins Detail zu erkunden, alle M\u00f6glichkeiten auszusch\u00f6pfen, eine Sensibilit\u00e4t f\u00fcr dessen Eigenheiten zu entwickeln, ihn in einem anderen ungewohnten Kontext zu transportieren, l\u00e4sst in dem Arbeitsprozess viele Ausdrucksebenen entdecken und neue individuelle Formsprachen erreichen. <img decoding=\"async\" loading=\"lazy\" class=\"alignleft wp-image-707 size-medium\" src=\"http:\/\/www.angelo-santo-venerito.com\/wordpress\/wp-content\/uploads\/IMG_1373-300x225.jpg\" alt=\"\" width=\"300\" height=\"225\" srcset=\"http:\/\/www.angelo-santo-venerito.com\/wordpress\/wp-content\/uploads\/IMG_1373-300x225.jpg 300w, http:\/\/www.angelo-santo-venerito.com\/wordpress\/wp-content\/uploads\/IMG_1373-150x113.jpg 150w, http:\/\/www.angelo-santo-venerito.com\/wordpress\/wp-content\/uploads\/IMG_1373-768x576.jpg 768w, http:\/\/www.angelo-santo-venerito.com\/wordpress\/wp-content\/uploads\/IMG_1373-1024x768.jpg 1024w\" sizes=\"(max-width: 300px) 100vw, 300px\" \/>Die sich offenbarenden M\u00f6glichkeiten des Materials l\u00f6sen eine Kette von Interaktionen Assoziationen und Gef\u00fchle aus und stellen die urspr\u00fcnglichen Intentionen oft in Frage.\u00a0 Dieser Weg der Auseinandersetzung zwischen mir und der Materie ist mit der anfangs endlos erscheinenden Ellipsen eines Bumerangs vergleichbar Pigmente, \u00d6l, Wachs, Graphit, sowie verschiedene Baustoffe werden schichtweise auf Pappsegmente aufgetragen; es entstehen Streifen, Wellen, Linien und Formstrukturen, die durch farbliche Kontraste und das Wechselspiel von Hell und Dunkel in ihrer Gegenst\u00e4ndlichkeit Raum f\u00fcr Spannung schaffen.<br \/>\nDie so entstandenen Segmente sind f\u00fcr mich die Bausteine f\u00fcr die Komposition der Bilder. Die fertigen Bilder ergeben ein Ganzes, sie sind zugleich Ausschnitte, ein Rapport der eine imagin\u00e4re Fortsetzung darstellt, beliebig zusammensetzbar, fortsetzbar und wiederholbar.<br \/>\nDie Fertigstellung einer Kette setzt das Schaffen ihrer Glieder voraus. So spricht ein ehemaliger Goldschmied, schon von Berufs wegen der Detailtreue verfallen. Dessen geheime Leidenschaft besteht jedoch darin, mit seinem Blick Fassaden jeglicher Art zu sezieren und zu \u00fcberlegen, dass an deren Substanz die Zeit nicht spurlos vorbeigeht.<br \/>\nDiese leblose Substanz, die zerf\u00e4llt und vergeht, hat eine Geschichte zu erz\u00e4hlen, wenn wir eine Irritation unserer Sinne zulassen und uns von ihnen leiten lassen.<br \/>\nUm die kleine Reise zu beenden, widme ich mich gegenw\u00e4rtig einem Lichtkorrekturmittel (Black Wrap). Eine geschw\u00e4rzte Aluminiumfolie, die mir ein fast lichtgraphisches Vorgehen erlaubt analog den Anf\u00e4ngen der heutigen Photographie. <a href=\"http:\/\/www.angelo-santo-venerito.com\/wordpress\/wp-content\/uploads\/CFIMG_2230scene012.jpg\"><img decoding=\"async\" loading=\"lazy\" class=\"size-medium wp-image-778 alignright\" src=\"http:\/\/www.angelo-santo-venerito.com\/wordpress\/wp-content\/uploads\/CFIMG_2230scene012-300x192.jpg\" alt=\"\" width=\"300\" height=\"192\" srcset=\"http:\/\/www.angelo-santo-venerito.com\/wordpress\/wp-content\/uploads\/CFIMG_2230scene012-300x192.jpg 300w, http:\/\/www.angelo-santo-venerito.com\/wordpress\/wp-content\/uploads\/CFIMG_2230scene012-150x96.jpg 150w, http:\/\/www.angelo-santo-venerito.com\/wordpress\/wp-content\/uploads\/CFIMG_2230scene012-768x492.jpg 768w, http:\/\/www.angelo-santo-venerito.com\/wordpress\/wp-content\/uploads\/CFIMG_2230scene012-1024x656.jpg 1024w\" sizes=\"(max-width: 300px) 100vw, 300px\" \/><\/a>Durch Abreibung von unscheinbaren Strukturen, zum Beispiel von Abwasser-Kanaldeckeln, bilden sich &#8222;R\u00f6ntgenbilder&#8220; ab.<br \/>\nDiese strahlen f\u00fcr mich eine starke Faszination und hohe \u00e4sthetische Pr\u00e4senz aus.<\/p>\n","protected":false},"excerpt":{"rendered":"<p>Ich m\u00f6chte Sie zu einer kleinen Reise in die Welt meiner Bilder einladen, Ihnen von ihrer Entstehung und Geschichte erz\u00e4hlen- und vielleicht werden dann ihre Sinne, beispielsweise die Fassade ihres Hauses, anders wahrnehmen als bisher. Irgendwann einmal begannen gew\u00f6hnliche Baustoffe in ihrer Urspr\u00fcnglichkeit eine unwiderstehliche Anziehungskraft auf mich auszu\u00fcben. Irgendwann lange zuvor war mein Zugang &hellip; <\/p>\n<p class=\"link-more\"><a href=\"http:\/\/www.angelo-santo-venerito.com\/wordpress\/vom-ursprung-und-rapport\/\" class=\"more-link\"><span class=\"screen-reader-text\">\u201eVom Ursprung und Rapport\u201c <\/span>weiterlesen<\/a><\/p>\n","protected":false},"author":1,"featured_media":1018,"parent":0,"menu_order":0,"comment_status":"closed","ping_status":"closed","template":"","meta":{"footnotes":""},"_links":{"self":[{"href":"http:\/\/www.angelo-santo-venerito.com\/wordpress\/wp-json\/wp\/v2\/pages\/876"}],"collection":[{"href":"http:\/\/www.angelo-santo-venerito.com\/wordpress\/wp-json\/wp\/v2\/pages"}],"about":[{"href":"http:\/\/www.angelo-santo-venerito.com\/wordpress\/wp-json\/wp\/v2\/types\/page"}],"author":[{"embeddable":true,"href":"http:\/\/www.angelo-santo-venerito.com\/wordpress\/wp-json\/wp\/v2\/users\/1"}],"replies":[{"embeddable":true,"href":"http:\/\/www.angelo-santo-venerito.com\/wordpress\/wp-json\/wp\/v2\/comments?post=876"}],"version-history":[{"count":6,"href":"http:\/\/www.angelo-santo-venerito.com\/wordpress\/wp-json\/wp\/v2\/pages\/876\/revisions"}],"predecessor-version":[{"id":993,"href":"http:\/\/www.angelo-santo-venerito.com\/wordpress\/wp-json\/wp\/v2\/pages\/876\/revisions\/993"}],"wp:featuredmedia":[{"embeddable":true,"href":"http:\/\/www.angelo-santo-venerito.com\/wordpress\/wp-json\/wp\/v2\/media\/1018"}],"wp:attachment":[{"href":"http:\/\/www.angelo-santo-venerito.com\/wordpress\/wp-json\/wp\/v2\/media?parent=876"}],"curies":[{"name":"wp","href":"https:\/\/api.w.org\/{rel}","templated":true}]}}